{"id":3,"date":"2021-08-26T16:54:08","date_gmt":"2021-08-26T16:54:08","guid":{"rendered":"https:\/\/mestallidos.com\/?page_id=3"},"modified":"2021-09-02T14:48:36","modified_gmt":"2021-09-02T14:48:36","slug":"privacy-policy","status":"publish","type":"page","link":"https:\/\/mestallidos.com\/?page_id=3","title":{"rendered":"Aviso Legal"},"content":{"rendered":"\n<p><strong>T\u00e9rminos y Condiciones de la p\u00e1gina web<\/strong><\/p>\n\n\n\n<p>Gracias por visitar esta p\u00e1gina web. Por favor, lee atentamente los T\u00e9rminos y Condiciones contenidos en este documento, ya que cada vez que se usa esta p\u00e1gina web se est\u00e1n aceptando los T\u00e9rminos y Condiciones que aqu\u00ed se exponen.<\/p>\n\n\n\n<p><strong>\u2013 Pol\u00edtica de Privacidad de la p\u00e1gina web<\/strong><\/p>\n\n\n\n<p>Cualquier material o dato personal enviado a la p\u00e1gina web de \u201cMESTALLIDOS.COM\u201d queda amparado por la pol\u00edtica de privacidad de la MESTALLIDOS.COM y por la protecci\u00f3n de datos personales de la misma.<\/p>\n\n\n\n<p><strong>\u2013 Exactitud, car\u00e1cter completo y puntualidad de la informaci\u00f3n<\/strong><\/p>\n\n\n\n<p>Aunque usamos todos los medios a nuestro alcance para asegurar la exactitud y el car\u00e1cter completo de la informaci\u00f3n contenida en esta p\u00e1gina web, no asumimos responsabilidad alguna en el caso de que la informaci\u00f3n que se encuentra disponible en la misma no sea exacta o completa.<\/p>\n\n\n\n<p><strong>\u2013 Transmisi\u00f3n<\/strong><\/p>\n\n\n\n<p>Cualquier material o comunicaci\u00f3n no personal que transmitas a esta p\u00e1gina web por e-mail o cualquier otro medio, incluyendo datos, preguntas, comentarios, sugerencias o similares, es y ser\u00e1 tratada como no confidencial y sin derechos de propiedad.<\/p>\n\n\n\n<p><strong>\u2013 Derechos de propiedad intelectual<\/strong><\/p>\n\n\n\n<p>Todos los derechos de autor y dem\u00e1s derechos de propiedad intelectual referentes a los textos, im\u00e1genes, logotipo y materiales en general contenidos en esta p\u00e1gina web son propiedad de \u201cMESTALLIDOS.COM\u201d o han sido incluidos con la autorizaci\u00f3n de su correspondiente propietario.<\/p>\n\n\n\n<p>Puedes navegar por esta p\u00e1gina web, reproducir extractos por medio de impresi\u00f3n y realizar descargas a un disco duro o a los efectos de distribuci\u00f3n a otras personas f\u00edsicas. Todo esto se puede realizar \u00fanicamente bajo la condici\u00f3n de mantener intactas todas las notas relativas a derechos de autor y a la propiedad de la p\u00e1gina y que la menci\u00f3n mostrada anteriormente de marca registrada aparezca en tales reproducciones. No se debe vender o distribuir ninguna reproducci\u00f3n de parte alguna de esta p\u00e1gina web con fines de lucro comercial.<\/p>\n\n\n\n<p>No se debe interpretar, en ning\u00fan caso, que alguno de los contenidos de esta p\u00e1gina web pueda significar la concesi\u00f3n de alguna autorizaci\u00f3n o derecho a utilizar alguna de las marcas comerciales incorporadas en la p\u00e1gina. El uso o el abuso de las marcas registradas mostradas tanto en esta p\u00e1gina web como en cualquier otro contenido de la misma, salvo lo previsto en estos T\u00e9rminos y Condiciones, queda estrictamente prohibido. Asimismo, advertimos que \u201cMESTALLIDOS.COM\u201d defender\u00e1 sus derechos de propiedad intelectual con el m\u00e1ximo rigor que permita la ley.<\/p>\n\n\n\n<p><strong>\u2013 Enlaces con otras p\u00e1ginas web<\/strong><\/p>\n\n\n\n<p>Los enlaces existentes en la p\u00e1gina web de \u201cMESTALLIDOS.COM\u201d te pueden llevar fuera de la red y sistemas de la asociaci\u00f3n. En ese caso, \u201cMESTALLIDOS.COM\u201d no aceptar\u00e1 ninguna responsabilidad en relaci\u00f3n al contenido, exactitud y funcionamiento de las p\u00e1ginas web de terceras personas. Los enlaces se proporcionan de buena fe y \u201cMESTALLIDOS.COM\u201d no puede ser responsable por las modificaciones que posteriormente se produzcan en p\u00e1ginas web de terceros para las cuales proporcionamos un enlace. La inclusi\u00f3n de un enlace para conectarse con otras p\u00e1ginas web no implica asunci\u00f3n de responsabilidades en relaci\u00f3n a esas p\u00e1ginas por parte de \u201cMESTALLIDOS.COM\u201d. Te recomendamos encarecidamente que est\u00e9s informado y que leas atentamente las notas legales y de privacidad de todas las p\u00e1ginas web que visites.<\/p>\n\n\n\n<p><strong>\u2013 Garant\u00edas y exenciones de responsabilidad<\/strong><\/p>\n\n\n\n<p>El uso de esta p\u00e1gina web es exclusivamente de tu cuenta y riesgo.<\/p>\n\n\n\n<p><strong>\u2013 Garant\u00edas<\/strong><\/p>\n\n\n\n<p>Esta p\u00e1gina web se ofrece \u201ccuando es posible\u201d y \u201ctal cual est\u00e1\u201d y, por tanto, \u201cMESTALLIDOS.COM\u201d no da garant\u00edas de ning\u00fan tipo, ya sean expl\u00edcitas, impl\u00edcitas, legales o de otro tipo (incluso las garant\u00edas impl\u00edcitas de comerciabilidad o satisfacci\u00f3n del nivel de calidad y de adecuaci\u00f3n a un prop\u00f3sito particular), incluyendo garant\u00edas o compromisos en relaci\u00f3n a que el material de esta p\u00e1gina web ser\u00e1 completo, exacto, fiable, puesto al d\u00eda, respetuoso con los derechos de terceros, que el acceso a esta p\u00e1gina web no sufrir\u00e1 interrupciones, no presentar\u00e1 errores y estar\u00e1 exento de virus, que esta p\u00e1gina web ser\u00e1 segura y que cualquier opini\u00f3n o consejo de \u201cMESTALLIDOS.COM\u201d obtenido a trav\u00e9s de esta p\u00e1gina web ser\u00e1 exacto o fiable, por todo lo cual se indica expresamente que no se asumir\u00e1 ning\u00fan compromiso o garant\u00eda sobre los aspectos enumerados.<\/p>\n\n\n\n<p><strong>\u2013 Responsabilidad<\/strong><\/p>\n\n\n\n<p>Tanto \u201cMESTALLIDOS.COM\u201d como cualquier tercero implicado en la creaci\u00f3n, producci\u00f3n o distribuci\u00f3n de esta p\u00e1gina web en nuestro nombre no tendr\u00e1n ning\u00fan tipo de responsabilidad, en ning\u00fan caso, por da\u00f1os directos, fortuitos, consecutivos, indirectos, especiales o punitivos ni por costes, p\u00e9rdidas o responsabilidades, cualquiera que sea la forma en que se deriven de su acceso, uso o incapacidad de uso, del cambio en el contenido de esta p\u00e1gina web, de cualquier otra p\u00e1gina web a la que accedi\u00f3 por medio de un enlace proporcionado en esta p\u00e1gina o de la m\u00e1xima amplitud permitida por la legislaci\u00f3n aplicable, motivados por cualquier medida que nosotras tomamos o dejamos de tomar como resultado de alg\u00fan mensaje que se nos envi\u00f3 por e-mail.<\/p>\n\n\n\n<p>Tanto \u201cMESTALLIDOS.COM\u201d como cualquier tercero implicado en la creaci\u00f3n, producci\u00f3n o distribuci\u00f3n de esta p\u00e1gina web no tendr\u00e1n ninguna responsabilidad derivada de mantener el material y los servicios que se encuentran disponibles en esta p\u00e1gina o de realizar correcciones, actualizaciones o eliminaciones de los mismos. Cualquier material contenido en esta p\u00e1gina web est\u00e1 sujeto a cambios sin previo aviso.<\/p>\n\n\n\n<p>\u201cMESTALLIDOS.COM\u201d no tendr\u00e1 ning\u00fan tipo de responsabilidad, en ning\u00fan caso, por cualquier da\u00f1o sufrido a consecuencia de alg\u00fan virus que pueda haber infectado tu ordenador u otros aparatos de tu propiedad por causa del acceso, uso o descargas de cualquier material de esta p\u00e1gina web. Si optas por descargar material desde esta p\u00e1gina web, esa acci\u00f3n se realiza por tu exclusiva cuenta y riesgo.<\/p>\n\n\n\n<p>Con la m\u00e1xima amplitud permitida por la legislaci\u00f3n aplicable, declaras renunciar expresamente a efectuar cualquier reclamaci\u00f3n contra \u201cMESTALLIDOS.COM\u201d y sus responsables, directores, empleados, proveedores y programadores que se pueda derivar de tu uso o acceso a esta p\u00e1gina web.<\/p>\n\n\n\n<p><strong>\u2013 Actividades prohibidas<\/strong><\/p>\n\n\n\n<ul class=\"wp-block-list\"><li>Queda prohibido realizar cualquier acto que, a juicio de \u201cMESTALLIDOS.COM\u201d, se pueda considerar inapropiado y\/o llegar a considerarse como un acto ilegal o que est\u00e9 prohibido de acuerdo con la legislaci\u00f3n aplicable a esta p\u00e1gina web, incluyendo, sin car\u00e1cter limitativo, los siguientes:<\/li><li>Cualquier acto que constituir\u00eda un incumplimiento de la privacidad (incluyendo transferencias a la p\u00e1gina web de informaci\u00f3n privada sin la autorizaci\u00f3n de la persona afectada) o de cualquier otro de los derechos legales de las personas f\u00edsicas.<\/li><li>Usar esta p\u00e1gina web para difamar o calumniar a \u201cMESTALLIDOS.COM\u201d u otras personas f\u00edsicas, o actuar de tal manera que se desacredite el buen nombre de las personas.<\/li><li>Transferir a la p\u00e1gina web archivos que contengan virus que puedan causar da\u00f1os a la propiedad de \u201cMESTALLIDOS.COM\u201d o a la propiedad de personas f\u00edsicas.<\/li><li>Colocar o transmitir a esta p\u00e1gina web cualquier material no autorizado, incluyendo, sin car\u00e1cter limitativo, material que probablemente cause, a juicio nuestro, molestias o perjuicios, o bien, violando los sistemas o la seguridad de la red de \u201cMESTALLIDOS.COM\u201d o de terceras personas, material que sea difamatorio, racista, obsceno, amenazador, de contenido pornogr\u00e1fico o que presente cualquier forma de ilegalidad en general.<\/li><\/ul>\n\n\n\n<p><strong>\u2013 Actualizaci\u00f3n de notas legales<\/strong><\/p>\n\n\n\n<p>Nos reservamos el derecho de realizar cambios y correcciones en esta nota. Por favor, consulta esta p\u00e1gina de vez en cuando para revisar estas y nuevas informaciones adicionales.<\/p>\n","protected":false},"excerpt":{"rendered":"<p>T\u00e9rminos y Condiciones de la p\u00e1gina web Gracias por visitar esta p\u00e1gina web. Por favor, lee atentamente los T\u00e9rminos y Condiciones contenidos en este documento, ya que cada vez que se usa esta p\u00e1gina web se est\u00e1n aceptando los T\u00e9rminos y Condiciones que aqu\u00ed se exponen. \u2013 Pol\u00edtica de Privacidad de la p\u00e1gina web Cualquier [&hellip;]<\/p>\n","protected":false},"author":1,"featured_media":0,"parent":0,"menu_order":0,"comment_status":"closed","ping_status":"closed","template":"","meta":{"footnotes":""},"class_list":["post-3","page","type-page","status-publish","hentry"],"_links":{"self":[{"href":"https:\/\/mestallidos.com\/index.php?rest_route=\/wp\/v2\/pages\/3","targetHints":{"allow":["GET"]}}],"collection":[{"href":"https:\/\/mestallidos.com\/index.php?rest_route=\/wp\/v2\/pages"}],"about":[{"href":"https:\/\/mestallidos.com\/index.php?rest_route=\/wp\/v2\/types\/page"}],"author":[{"embeddable":true,"href":"https:\/\/mestallidos.com\/index.php?rest_route=\/wp\/v2\/users\/1"}],"replies":[{"embeddable":true,"href":"https:\/\/mestallidos.com\/index.php?rest_route=%2Fwp%2Fv2%2Fcomments&post=3"}],"version-history":[{"count":1,"href":"https:\/\/mestallidos.com\/index.php?rest_route=\/wp\/v2\/pages\/3\/revisions"}],"predecessor-version":[{"id":40,"href":"https:\/\/mestallidos.com\/index.php?rest_route=\/wp\/v2\/pages\/3\/revisions\/40"}],"wp:attachment":[{"href":"https:\/\/mestallidos.com\/index.php?rest_route=%2Fwp%2Fv2%2Fmedia&parent=3"}],"curies":[{"name":"wp","href":"https:\/\/api.w.org\/{rel}","templated":true}]}}